{"id":196,"date":"2019-04-10T08:17:14","date_gmt":"2019-04-10T06:17:14","guid":{"rendered":"https:\/\/abendrealschule-augsburg.de\/?page_id=196"},"modified":"2019-04-10T09:04:44","modified_gmt":"2019-04-10T07:04:44","slug":"schulpartnerschaft","status":"publish","type":"page","link":"https:\/\/abendrealschule-augsburg.de\/?page_id=196","title":{"rendered":"Schulpartnerschaft"},"content":{"rendered":"<p>[et_pb_section bb_built=&#8220;1&#8243; fullwidth=&#8220;on&#8220; specialty=&#8220;off&#8220; next_background_color=&#8220;#000000&#8243;][et_pb_fullwidth_image _builder_version=&#8220;3.21.4&#8243; src=&#8220;https:\/\/abendrealschule-augsburg.de\/wp-content\/uploads\/2019\/04\/Schule-5-1-1.jpg&#8220; z_index_tablet=&#8220;500&#8243; \/][\/et_pb_section][et_pb_section bb_built=&#8220;1&#8243; prev_background_color=&#8220;#000000&#8243;][et_pb_row][et_pb_column type=&#8220;4_4&#8243;][et_pb_image _builder_version=&#8220;3.21.4&#8243; src=&#8220;https:\/\/abendrealschule-augsburg.de\/wp-content\/uploads\/2019\/04\/humbaur-klein.jpg&#8220; z_index_tablet=&#8220;500&#8243; align=&#8220;center&#8220; \/][et_pb_text _builder_version=&#8220;3.21.4&#8243; z_index_tablet=&#8220;500&#8243;]<\/p>\n<h2 style=\"text-align: center;\"><strong>Schulpartnerschaft mit der Firma Humbaur aus Gersthofen<\/strong><\/h2>\n<p>[\/et_pb_text][\/et_pb_column][\/et_pb_row][et_pb_row][et_pb_column type=&#8220;1_2&#8243;][et_pb_image _builder_version=&#8220;3.21.4&#8243; src=&#8220;https:\/\/abendrealschule-augsburg.de\/wp-content\/uploads\/2019\/04\/Humbaur-Personen.jpg&#8220; z_index_tablet=&#8220;500&#8243; \/][et_pb_text _builder_version=&#8220;3.21.4&#8243; z_index_tablet=&#8220;500&#8243;]<\/p>\n<p>Herr Norys (Leiter der Abendrealschule) und Herr Dieminger (Gesch\u00e4ftsf\u00fchrer von Humbaur) <br \/>unterzeichnen den Vertrag \u00fcber die Schulpartnerschaft.<\/p>\n<p>[\/et_pb_text][et_pb_gallery _builder_version=&#8220;3.21.4&#8243; gallery_ids=&#8220;197,198,199&#8243; hover_overlay_color=&#8220;rgba(255,255,255,0.9)&#8220; z_index_tablet=&#8220;500&#8243; show_title_and_caption=&#8220;off&#8220; posts_number=&#8220;2&#8243; \/][\/et_pb_column][et_pb_column type=&#8220;1_2&#8243;][et_pb_text _builder_version=&#8220;3.21.4&#8243; z_index_tablet=&#8220;500&#8243;]<\/p>\n<p>Um einen direkten Draht zur Wirtschaft zu erhalten, schloss die Abendrealschule Augsburg am 30.11.2016 eine Schulpartnerschaft mit der Firma Humbaur.<\/p>\n<p>Auf dem Internetportal &#8222;TrendyOne&#8220; ist diese Veranstaltung sehr gut beschrieben. <a href=\"https:\/\/www.trendyone.de\/news\/humbaur-geht-die-vierte-schulpartnerschaft-ein\">Hier geht es zu dem Artikel<\/a>.<\/p>\n<p>Auch auf der Internetseite von der Firma Humbaur wird bereits \u00fcber die Vertragsunterzeichnung berichtet.<\/p>\n<ul>\n<li>Wir erhoffen uns durch diese Partnerschaft:<\/li>\n<li>M\u00f6glichkeit von Betriebspraktika<\/li>\n<li>Hilfe bei dem Bewerbungsverfahren<\/li>\n<li>Betriebsbesichtigungen im technischen, aber auch im kaufm\u00e4nnischen Bereich<\/li>\n<li>Ausbildungsm\u00f6glichkeiten auch f\u00fcr erwachsene Sch\u00fcler<\/li>\n<\/ul>\n<p>[\/et_pb_text][\/et_pb_column][\/et_pb_row][\/et_pb_section]<\/p>\n","protected":false},"excerpt":{"rendered":"<p><div class=\"et_pb_row et_pb_row_0 et_pb_row_empty\">\n\t\t\t\t\n\t\t\t\t\n\t\t\t\t\n\t\t\t\t\n\t\t\t\t\n\t\t\t<\/div> Schulpartnerschaft mit der Firma Humbaur aus Gersthofen <div class=\"et_pb_row et_pb_row_1 et_pb_row_empty\">\n\t\t\t\t\n\t\t\t\t\n\t\t\t\t\n\t\t\t\t\n\t\t\t\t\n\t\t\t<\/div> Herr Norys (Leiter der Abendrealschule) und Herr Dieminger (Gesch\u00e4ftsf\u00fchrer von Humbaur) unterzeichnen den Vertrag \u00fcber die Schulpartnerschaft. Um einen direkten Draht zur Wirtschaft zu erhalten, schloss die Abendrealschule Augsburg am 30.11.2016 eine Schulpartnerschaft mit der Firma Humbaur. Auf dem Internetportal &#8222;TrendyOne&#8220; ist diese Veranstaltung sehr gut [&hellip;]<\/p>\n","protected":false},"author":1,"featured_media":0,"parent":0,"menu_order":0,"comment_status":"closed","ping_status":"closed","template":"","meta":{"_et_pb_use_builder":"on","_et_pb_old_content":"","_et_gb_content_width":"","footnotes":""},"class_list":["post-196","page","type-page","status-publish","hentry"],"_links":{"self":[{"href":"https:\/\/abendrealschule-augsburg.de\/index.php?rest_route=\/wp\/v2\/pages\/196"}],"collection":[{"href":"https:\/\/abendrealschule-augsburg.de\/index.php?rest_route=\/wp\/v2\/pages"}],"about":[{"href":"https:\/\/abendrealschule-augsburg.de\/index.php?rest_route=\/wp\/v2\/types\/page"}],"author":[{"embeddable":true,"href":"https:\/\/abendrealschule-augsburg.de\/index.php?rest_route=\/wp\/v2\/users\/1"}],"replies":[{"embeddable":true,"href":"https:\/\/abendrealschule-augsburg.de\/index.php?rest_route=%2Fwp%2Fv2%2Fcomments&post=196"}],"version-history":[{"count":4,"href":"https:\/\/abendrealschule-augsburg.de\/index.php?rest_route=\/wp\/v2\/pages\/196\/revisions"}],"predecessor-version":[{"id":218,"href":"https:\/\/abendrealschule-augsburg.de\/index.php?rest_route=\/wp\/v2\/pages\/196\/revisions\/218"}],"wp:attachment":[{"href":"https:\/\/abendrealschule-augsburg.de\/index.php?rest_route=%2Fwp%2Fv2%2Fmedia&parent=196"}],"curies":[{"name":"wp","href":"https:\/\/api.w.org\/{rel}","templated":true}]}}