{"id":190,"date":"2019-04-10T08:04:39","date_gmt":"2019-04-10T06:04:39","guid":{"rendered":"https:\/\/abendrealschule-augsburg.de\/?page_id=190"},"modified":"2025-08-05T22:37:28","modified_gmt":"2025-08-05T20:37:28","slug":"internationale-klasse","status":"publish","type":"page","link":"https:\/\/abendrealschule-augsburg.de\/?page_id=190","title":{"rendered":"Internationale Klasse"},"content":{"rendered":"<p>[et_pb_section fb_built=&#8220;1&#8243; fullwidth=&#8220;on&#8220; _builder_version=&#8220;4.16&#8243; global_colors_info=&#8220;{}&#8220;][et_pb_fullwidth_image src=&#8220;https:\/\/abendrealschule-augsburg.de\/wp-content\/uploads\/2019\/04\/Schule-5-1-1.jpg&#8220; _builder_version=&#8220;4.16&#8243; z_index_tablet=&#8220;500&#8243; global_colors_info=&#8220;{}&#8220;][\/et_pb_fullwidth_image][\/et_pb_section][et_pb_section fb_built=&#8220;1&#8243; _builder_version=&#8220;4.16&#8243; global_colors_info=&#8220;{}&#8220;][et_pb_row column_structure=&#8220;2_3,1_3&#8243; _builder_version=&#8220;4.16&#8243; background_size=&#8220;initial&#8220; background_position=&#8220;top_left&#8220; background_repeat=&#8220;repeat&#8220; global_colors_info=&#8220;{}&#8220;][et_pb_column type=&#8220;2_3&#8243; _builder_version=&#8220;4.16&#8243; global_colors_info=&#8220;{}&#8220; custom_padding__hover=&#8220;|||&#8220;][et_pb_text _builder_version=&#8220;4.16&#8243; z_index_tablet=&#8220;500&#8243; global_colors_info=&#8220;{}&#8220;]<span style=\"color: #0d3d61;\"><strong>Internationale Klasse<\/strong><\/span><\/p>\n<p>Seit dem Schuljahr 2015\/16 gibt es eine spezielle F\u00f6rderung von Migranten mit entsprechender schulischer Vorbildung.<br \/>\nBildungswillige erwachsene Migranten erhalten bei uns die Gelegenheit, weiterf\u00fchrende Schulabschl\u00fcsse zu erlangen.<\/p>\n<ul>\n<li>Unterst\u00fctzung beim Verbessern der deutschen Sprache (Deutsch als Zweitsprache) in Wort und Schrift<\/li>\n<li>Ihre Englisch-Grundkenntnisse werden vertieft.<\/li>\n<li>Sie werden zus\u00e4tzlich in einer normalen Abendrealschulklasse unterrichtet mit allen regul\u00e4ren F\u00e4chern (Deutsch, Englisch, Mathematik, Physik, Geschichte, Geographie, sowie F\u00e4chern der Wahlpflichtf\u00e4chergruppe Wirtschaft (Betriebswirtschaft\/Rechnungswesen, Sozialkunde) <strong>oder<\/strong> Sozial (Soziallehre, Biologie).<\/li>\n<li>Regul\u00e4rer Unterricht von 17:30 bis 21:05 Uhr<\/li>\n<li>Ab 16:00 Uhr: M\u00f6glichkeit von Lerngruppen, Arbeiten im PC-Raum<\/li>\n<li style=\"font-size: 14px;\">sozialp\u00e4dagogische Betreuung im Haus<\/li>\n<li><span style=\"font-size: 14px;\">Unterst\u00fctzung bei der Suche nach einer sinnvollen beruflichen T\u00e4tigkeit (evtl. Praktikum) f\u00fcr den Vormittag.<br \/>\n<\/span>Ziel: Anwendung der deutschen Sprache<\/li>\n<\/ul>\n<p>[\/et_pb_text][\/et_pb_column][et_pb_column type=&#8220;1_3&#8243; _builder_version=&#8220;4.16&#8243; global_colors_info=&#8220;{}&#8220; custom_padding__hover=&#8220;|||&#8220;][et_pb_image src=&#8220;https:\/\/abendrealschule-augsburg.de\/wp-content\/uploads\/2019\/04\/MVIMG_20190114_193450.jpg&#8220; _builder_version=&#8220;4.16&#8243; z_index_tablet=&#8220;500&#8243; global_colors_info=&#8220;{}&#8220;][\/et_pb_image][et_pb_image src=&#8220;https:\/\/abendrealschule-augsburg.de\/wp-content\/uploads\/2019\/04\/IMG_20190114_193628.jpg&#8220; _builder_version=&#8220;4.16&#8243; z_index_tablet=&#8220;500&#8243; global_colors_info=&#8220;{}&#8220;][\/et_pb_image][\/et_pb_column][\/et_pb_row][et_pb_row column_structure=&#8220;1_3,2_3&#8243; _builder_version=&#8220;4.16&#8243; background_size=&#8220;initial&#8220; background_position=&#8220;top_left&#8220; background_repeat=&#8220;repeat&#8220; global_colors_info=&#8220;{}&#8220;][et_pb_column type=&#8220;1_3&#8243; _builder_version=&#8220;4.16&#8243; global_colors_info=&#8220;{}&#8220; custom_padding__hover=&#8220;|||&#8220;][et_pb_image src=&#8220;https:\/\/abendrealschule-augsburg.de\/wp-content\/uploads\/2019\/04\/MVIMG_20190114_193633.jpg&#8220; _builder_version=&#8220;4.16&#8243; z_index_tablet=&#8220;500&#8243; global_colors_info=&#8220;{}&#8220;][\/et_pb_image][et_pb_image src=&#8220;https:\/\/abendrealschule-augsburg.de\/wp-content\/uploads\/2019\/04\/IMG_20190114_193456.jpg&#8220; _builder_version=&#8220;4.16&#8243; z_index_tablet=&#8220;500&#8243; global_colors_info=&#8220;{}&#8220;][\/et_pb_image][\/et_pb_column][et_pb_column type=&#8220;2_3&#8243; _builder_version=&#8220;4.16&#8243; global_colors_info=&#8220;{}&#8220; custom_padding__hover=&#8220;|||&#8220;][et_pb_text _builder_version=&#8220;4.16&#8243; z_index_tablet=&#8220;500&#8243; global_colors_info=&#8220;{}&#8220;]<\/p>\n<p><span style=\"color: #0d3d61;\"><strong>Voraussetzungen:<\/strong><\/span><\/p>\n<ul>\n<li>Grundlegende Deutsch- und Englischkenntnisse m\u00fcssen bereits vorhanden sein (Deutsch-Sprachniveau B1, Englisch A2) &#8211; in Wort und Schrift.<\/li>\n<li>Mehrj\u00e4hrige schulische Vorbildung im Herkunftsland oder in Deutschland<\/li>\n<li>mind. 6 Monate Berufst\u00e4tigkeit, die w\u00e4hrend der Abendrealschule fortgef\u00fchrt werden sollte.<\/li>\n<li>Aufnahmegespr\u00e4ch mit Schulleitung und \/ oder Lehrkraft<\/li>\n<li>Bereitschaft viermal die Woche von Montag bis Donnerstag abends regelm\u00e4\u00dfig in die Schule zu kommen.<\/li>\n<li>Bereitsschaft, auch au\u00dferhalb des Unterrichts zu lernen, zu \u00fcben und die deutsche Sprache anzuwenden!<\/li>\n<li>Bereitschaft, sich zus\u00e4tzlich zur Abendschule z\u00fcgig in den Arbeitsmarkt (Praktika, Ausbildung) zu integrieren.<\/li>\n<\/ul>\n<p><span style=\"color: #0d3d61;\"><strong>Ziele:<\/strong><\/span><\/p>\n<ul>\n<li>Aufstieg in die h\u00f6heren Klassen der Abendrealschule mit Ziel des Realschulabschlusses<\/li>\n<li style=\"font-size: 14px;\">Festigung der deutschen Sprache, damit in allen F\u00e4chern gut mitgelernt werden kann.<\/li>\n<\/ul>\n<p><span style=\"color: #0d3d61;\"><strong>N\u00e4chster Informationsabend f\u00fcr die Aufnahme in die internationale Klasse: Siehe unter &#8222;Anmeldung\/Termine&#8220;.<\/strong><\/span><br \/><span style=\"color: #0d3d61;\"> <strong>Eine Beratung ist auch per E-Mail unter abendrealschule@augsburg.de m\u00f6glich. <\/strong><\/span><br \/><span style=\"color: #0d3d61;\"> <strong>Bitte \u00fcbermitteln Sie uns hierzu einen Lebenslauf!<\/strong><\/span><\/p>\n<p>[\/et_pb_text][\/et_pb_column][\/et_pb_row][et_pb_row column_structure=&#8220;2_3,1_3&#8243; _builder_version=&#8220;4.16&#8243; background_size=&#8220;initial&#8220; background_position=&#8220;top_left&#8220; background_repeat=&#8220;repeat&#8220; global_colors_info=&#8220;{}&#8220;][et_pb_column type=&#8220;2_3&#8243; _builder_version=&#8220;4.16&#8243; global_colors_info=&#8220;{}&#8220; custom_padding__hover=&#8220;|||&#8220;][et_pb_text _builder_version=&#8220;4.16&#8243; z_index_tablet=&#8220;500&#8243; global_colors_info=&#8220;{}&#8220;]<span style=\"color: #0d3d61;\"><strong>In den Monaten vor dem Schulbeginn sollte man sich unbedingt vorbereiten!<\/strong><\/span><\/p>\n<p><span style=\"color: #0d3d61;\"><strong>Deutsch als Zweitsprache (DaZ):<\/strong><\/span><br \/>\nGrammatik- \u00dcbungen (siehe \u00dcbungsmaterial unter: https:\/\/www.cornelsen.de\/fm\/1272\/241156_PPDN_EinstufungstestA2.pdf)<br \/>\nTextverst\u00e4ndnis &#8211; Fragen zu einem kurzen Text beantworten<br \/>\nEigene kurze Texte schreiben (Beispiel-Frage: Was haben Sie am kommenden Wochenende gemacht? &#8230;)<\/p>\n<p><span style=\"color: #0d3d61;\"><strong>Englisch:<\/strong><\/span><br \/>\nGrammatik-\u00dcbungen<br \/>\nTextverst\u00e4ndnis<br \/>\nEigene kurze Texte schreiben<\/p>\n<p>\u00dcbungsm\u00f6glichkeiten:<br \/>\nwww.englisch-hilfen.de<br \/>\nwww.ego4u.de<br \/>\nwww.talkenglish.com<\/p>\n<p><span style=\"color: #0d3d61;\"><strong>Mathematik:<\/strong><\/span><\/p>\n<p>Grundrechenarten (ohne Taschenrechner!)<br \/>\n&#8211; Addition, Subtraktion, Division, Muliplikation<br \/>\n&#8211; Prozentrechnen, Dreisatz-Aufgaben<br \/>\n&#8211; Umrechnungen (kg-g, km-m, Euro-Cent, Stunden-Sekunden,&#8230;&#8230; )<br \/>\n&#8211; Bruchrechnen<br \/>\n&#8211; Einfache Gleichungen<br \/>\n&#8211; Rundungen<\/p>\n<p>http:\/\/www.mathepanik.de\/main\/klassen.php?sid= (Mittelstufe 5. und 6. Klasse)<\/p>\n<p>Hier findet man f\u00fcr diesen Zweck weitere viele und gute \u00dcBUNGSM\u00d6GLICHKEITEN!!<\/p>\n<p>Die Aufnahme erfolgt auf Probe und als Gastsch\u00fcer.<br \/>\n[\/et_pb_text][\/et_pb_column][et_pb_column type=&#8220;1_3&#8243; _builder_version=&#8220;4.16&#8243; global_colors_info=&#8220;{}&#8220; custom_padding__hover=&#8220;|||&#8220;][et_pb_image src=&#8220;https:\/\/abendrealschule-augsburg.de\/wp-content\/uploads\/2019\/04\/MVIMG_20190114_193513.jpg&#8220; _builder_version=&#8220;4.16&#8243; z_index_tablet=&#8220;500&#8243; global_colors_info=&#8220;{}&#8220;][\/et_pb_image][et_pb_image src=&#8220;https:\/\/abendrealschule-augsburg.de\/wp-content\/uploads\/2019\/04\/IMG_20190115_200634.jpg&#8220; _builder_version=&#8220;4.16&#8243; z_index_tablet=&#8220;500&#8243; global_colors_info=&#8220;{}&#8220;][\/et_pb_image][et_pb_image src=&#8220;https:\/\/abendrealschule-augsburg.de\/wp-content\/uploads\/2019\/04\/MVIMG_20190115_200735.jpg&#8220; _builder_version=&#8220;4.16&#8243; z_index_tablet=&#8220;500&#8243; global_colors_info=&#8220;{}&#8220;][\/et_pb_image][\/et_pb_column][\/et_pb_row][et_pb_row column_structure=&#8220;1_2,1_2&#8243; _builder_version=&#8220;4.16&#8243; background_size=&#8220;initial&#8220; background_position=&#8220;top_left&#8220; background_repeat=&#8220;repeat&#8220; global_colors_info=&#8220;{}&#8220;][et_pb_column type=&#8220;1_2&#8243; _builder_version=&#8220;4.16&#8243; global_colors_info=&#8220;{}&#8220; custom_padding__hover=&#8220;|||&#8220;][et_pb_testimonial quote_icon_color=&#8220;#0d3d61&#8243; _builder_version=&#8220;4.16&#8243; background_color=&#8220;#ffe9a8&#8243; z_index_tablet=&#8220;500&#8243; global_colors_info=&#8220;{}&#8220;]<span style=\"color: #0d3d61;\"><strong>Kosten im Laufe des Schuljahr<\/strong><\/span><\/p>\n<ul>\n<li>Die Teilnahme ist schulgeld- und lernmittelfrei. Die Kosten f\u00fcr Arbeitsmittel (Hefte, Schreibzeug) sowie die Fahrtkosten m\u00fcssen selbst getragen werden.<\/li>\n<li>40,00 \u20ac pro Schuljahr SMV-Beitrag (Kopiergeld, Veranstaltungen, &#8230;) &#8211; zu entrichten am Schuljahresanfang.<\/li>\n<li>50,00 \u20ac Kaution f\u00fcr lernmittelfreie B\u00fccher (wird bei der Abmeldung zur\u00fcckerstattet).<\/li>\n<\/ul>\n<p><span style=\"color: #0d3d61;\"><strong>Schulbeginn: Jeweils im September nach den Sommerferien.<\/strong><\/span><br \/>\n[\/et_pb_testimonial][\/et_pb_column][et_pb_column type=&#8220;1_2&#8243; _builder_version=&#8220;4.16&#8243; global_colors_info=&#8220;{}&#8220; custom_padding__hover=&#8220;|||&#8220;][et_pb_testimonial quote_icon_color=&#8220;#0d3d61&#8243; _builder_version=&#8220;4.16&#8243; background_color=&#8220;#ffe9a8&#8243; z_index_tablet=&#8220;500&#8243; global_colors_info=&#8220;{}&#8220;]<span style=\"color: #0d3d61;\"><strong>F\u00fcr die Anmeldung in unserer Schule ist erforderlich:<\/strong><\/span><\/p>\n<ul>\n<li>der Personalausweis<\/li>\n<li>zwei Lichtbilder (Sch\u00fclerausweis, Sch\u00fclerakt)<\/li>\n<li>vorhandene Schulzeugnisse<\/li>\n<li>vorhandene Nachweise \u00fcber die T\u00e4tigkeit in den letzten beiden Jahren (Arbeitgeberbescheinigung, Bescheid der Arbeitsagentur oder vom Jobcenter)<\/li>\n<\/ul>\n<p>[\/et_pb_testimonial][\/et_pb_column][\/et_pb_row][et_pb_row column_structure=&#8220;1_2,1_2&#8243; _builder_version=&#8220;4.16&#8243; background_size=&#8220;initial&#8220; background_position=&#8220;top_left&#8220; background_repeat=&#8220;repeat&#8220; global_colors_info=&#8220;{}&#8220;][et_pb_column type=&#8220;1_2&#8243; _builder_version=&#8220;4.16&#8243; global_colors_info=&#8220;{}&#8220; custom_padding__hover=&#8220;|||&#8220;][et_pb_text _builder_version=&#8220;4.16&#8243; z_index_tablet=&#8220;500&#8243; global_colors_info=&#8220;{}&#8220;]<span style=\"color: #0d3d61;\"><strong>Anmeldezeiten:<\/strong><\/span><br \/>\nMontag, Dienstag ,Mittwoch, Donnerstag 16:00 &#8211; 18:00 Uhr<br \/>\nZus\u00e4tzlich vormittags am Mittwoch und Donnerstag von 09:00 &#8211; 12:00 Uhr<\/p>\n<p>Um Wartezeiten bei der Anmeldung zu vermeiden, bitten wir um eine vorherige Terminvereinbarung per E-Mail.<br \/>\nW\u00e4hrend der Ferien sind wir per E-Mail unter abendrealschule @ augsburg.de erreichbar.<\/p>\n<p><span style=\"color: #0d3d61;\"><strong>Adresse \/ Postanschrift:<\/strong><\/span><br \/>\nAbendrealschule f\u00fcr Berufst\u00e4tige<br \/>\n(im 1. Stock der Agnes-Bernauer-Schule)<br \/>\nAuf dem Kreuz 36<br \/>\n86152 Augsburg<\/p>\n<p>Telefon: 0821 \/ 324 18410 (AB wird w\u00e4hrend der Ferien nur sporadisch abgeh\u00f6rt)<br \/>\nTelefax: 0821 \/ 324 18406<br \/>\nE-Mail: abendrealschule @ augsburg.de (auch w\u00e4hrend der Ferien!)<br \/>\n[\/et_pb_text][\/et_pb_column][et_pb_column type=&#8220;1_2&#8243; _builder_version=&#8220;4.16&#8243; global_colors_info=&#8220;{}&#8220; custom_padding__hover=&#8220;|||&#8220;][et_pb_text _builder_version=&#8220;4.16&#8243; z_index_tablet=&#8220;500&#8243; global_colors_info=&#8220;{}&#8220;]<strong>Ihre Weg zu UNS!<\/strong><br \/>\n[\/et_pb_text][et_pb_map address=&#8220;Auf dem Kreuz 36, 86152 Augsburg, Deutschland&#8220; address_lat=&#8220;48.37461709999999&#8243; address_lng=&#8220;10.892665500000021&#8243; _builder_version=&#8220;4.16&#8243; z_index_tablet=&#8220;500&#8243; global_colors_info=&#8220;{}&#8220;][et_pb_map_pin title=&#8220;Abendrealschule f\u00fcr Berufst\u00e4tige&#8220; pin_address=&#8220;Auf dem Kreuz 36, 86152 Augsburg, Deutschland&#8220; pin_address_lat=&#8220;48.37461709999999&#8243; pin_address_lng=&#8220;10.892665500000021&#8243; _builder_version=&#8220;3.21.4&#8243; global_colors_info=&#8220;{}&#8220;]<strong>Adresse \/ Postanschrift:<\/strong><br \/>\nAbendrealschule f\u00fcr Berufst\u00e4tige<br \/>\n(im 1. Stock der Agnes-Bernauer-Schule)<br \/>\nAuf dem Kreuz 36<br \/>\n86152 Augsburg<br \/>\n[\/et_pb_map_pin][\/et_pb_map][\/et_pb_column][\/et_pb_row][\/et_pb_section]<\/p>\n","protected":false},"excerpt":{"rendered":"<p>Internationale Klasse Seit dem Schuljahr 2015\/16 gibt es eine spezielle F\u00f6rderung von Migranten mit entsprechender schulischer Vorbildung. Bildungswillige erwachsene Migranten erhalten bei uns die Gelegenheit, weiterf\u00fchrende Schulabschl\u00fcsse zu erlangen. Unterst\u00fctzung beim Verbessern der deutschen Sprache (Deutsch als Zweitsprache) in Wort und Schrift Ihre Englisch-Grundkenntnisse werden vertieft. Sie werden zus\u00e4tzlich in einer normalen Abendrealschulklasse unterrichtet mit [&hellip;]<\/p>\n","protected":false},"author":1,"featured_media":0,"parent":0,"menu_order":0,"comment_status":"closed","ping_status":"closed","template":"","meta":{"_et_pb_use_builder":"on","_et_pb_old_content":"","_et_gb_content_width":"","footnotes":""},"class_list":["post-190","page","type-page","status-publish","hentry"],"_links":{"self":[{"href":"https:\/\/abendrealschule-augsburg.de\/index.php?rest_route=\/wp\/v2\/pages\/190"}],"collection":[{"href":"https:\/\/abendrealschule-augsburg.de\/index.php?rest_route=\/wp\/v2\/pages"}],"about":[{"href":"https:\/\/abendrealschule-augsburg.de\/index.php?rest_route=\/wp\/v2\/types\/page"}],"author":[{"embeddable":true,"href":"https:\/\/abendrealschule-augsburg.de\/index.php?rest_route=\/wp\/v2\/users\/1"}],"replies":[{"embeddable":true,"href":"https:\/\/abendrealschule-augsburg.de\/index.php?rest_route=%2Fwp%2Fv2%2Fcomments&post=190"}],"version-history":[{"count":10,"href":"https:\/\/abendrealschule-augsburg.de\/index.php?rest_route=\/wp\/v2\/pages\/190\/revisions"}],"predecessor-version":[{"id":867,"href":"https:\/\/abendrealschule-augsburg.de\/index.php?rest_route=\/wp\/v2\/pages\/190\/revisions\/867"}],"wp:attachment":[{"href":"https:\/\/abendrealschule-augsburg.de\/index.php?rest_route=%2Fwp%2Fv2%2Fmedia&parent=190"}],"curies":[{"name":"wp","href":"https:\/\/api.w.org\/{rel}","templated":true}]}}