{"id":166,"date":"2019-04-09T20:47:02","date_gmt":"2019-04-09T18:47:02","guid":{"rendered":"https:\/\/abendrealschule-augsburg.de\/?page_id=166"},"modified":"2026-03-24T12:32:49","modified_gmt":"2026-03-24T11:32:49","slug":"anmeldung-termine","status":"publish","type":"page","link":"https:\/\/abendrealschule-augsburg.de\/?page_id=166","title":{"rendered":"Anmeldung \/ Termine"},"content":{"rendered":"<p>[et_pb_section fb_built=&#8220;1&#8243; fullwidth=&#8220;on&#8220; _builder_version=&#8220;4.16&#8243; global_colors_info=&#8220;{}&#8220;][et_pb_fullwidth_image src=&#8220;https:\/\/abendrealschule-augsburg.de\/wp-content\/uploads\/2019\/04\/Schule-5-1-1.jpg&#8220; _builder_version=&#8220;4.16&#8243; z_index_tablet=&#8220;500&#8243; global_colors_info=&#8220;{}&#8220;][\/et_pb_fullwidth_image][\/et_pb_section][et_pb_section fb_built=&#8220;1&#8243; _builder_version=&#8220;4.16&#8243; global_colors_info=&#8220;{}&#8220;][et_pb_row _builder_version=&#8220;4.27.0&#8243; background_size=&#8220;initial&#8220; background_position=&#8220;top_left&#8220; background_repeat=&#8220;repeat&#8220; global_colors_info=&#8220;{}&#8220;][et_pb_column type=&#8220;4_4&#8243; _builder_version=&#8220;4.16&#8243; global_colors_info=&#8220;{}&#8220; custom_padding__hover=&#8220;|||&#8220;][et_pb_countdown_timer title=&#8220;Das n\u00e4chste Schuljahr 2026\/27 startet in&#8230;&#8230;.&#8220; date_time=&#8220;2026-09-15 17:30&#8243; _builder_version=&#8220;4.27.6&#8243; hover_enabled=&#8220;0&#8243; z_index_tablet=&#8220;500&#8243; global_colors_info=&#8220;{}&#8220; sticky_enabled=&#8220;0&#8243;][\/et_pb_countdown_timer][\/et_pb_column][\/et_pb_row][et_pb_row column_structure=&#8220;1_2,1_2&#8243; _builder_version=&#8220;4.24.2&#8243; background_size=&#8220;initial&#8220; background_position=&#8220;top_left&#8220; background_repeat=&#8220;repeat&#8220; global_colors_info=&#8220;{}&#8220;][et_pb_column type=&#8220;1_2&#8243; _builder_version=&#8220;4.16&#8243; global_colors_info=&#8220;{}&#8220; custom_padding__hover=&#8220;|||&#8220;][et_pb_testimonial _builder_version=&#8220;4.16&#8243; z_index_tablet=&#8220;500&#8243; inline_fonts=&#8220;Arial&#8220; global_colors_info=&#8220;{}&#8220;]<\/p>\n<h3 class=\"et_pb_module_header\"><span style=\"color: #e02b20; font-size: 14px; font-family: Arial;\"><strong>Das n\u00e4chste Schuljahr 2026\/27 beginnt am<span style=\"color: #f91000;\"> Dienstag, 15. September 2026 <\/span>um 17:30 Uhr.<\/strong><\/span><\/h3>\n<p>&nbsp;<\/p>\n<p>D<span style=\"background-color: #f5f5f5; font-size: 14px;\">ie Anmeldephase hat bereits begonnen. Bitte vereinbaren Sie \u00fcber das Sekretariat per E-Mail an <a href=\"mailto:abendrealschule@augsburg.de\">abendrealschule@augsburg.de<\/a> einen Anmeldetermin.<\/span><\/p>\n<p>&nbsp;<\/p>\n<p><span style=\"background-color: #f5f5f5; font-size: 14px;\">Um Sie vorab beraten zu k\u00f6nnen, bitten wir um ein kurzes Bewerbungsschreiben per E-Mail an<\/span><span style=\"background-color: #f5f5f5; font-size: 14px;\">\u00a0<\/span><a style=\"font-size: 14px;\" href=\"mailto:abendrealschule@augsburg,de\">abendrealschule@augsburg.de<\/a><span style=\"background-color: #f5f5f5; font-size: 14px;\">\u00a0, bitte stellen Sie auch einen<\/span><span style=\"background-color: #f5f5f5; font-size: 14px;\">\u00a0<\/span><span style=\"font-size: 14px; font-weight: bold;\">Lebenslauf<\/span><span style=\"background-color: #f5f5f5; font-size: 14px;\">\u00a0<\/span><span style=\"background-color: #f5f5f5; font-size: 14px;\">und Ihr letztes Schulzeugnis in den Anhang &#8211; am besten als PDF-Datei.<\/span><\/p>\n<p><span style=\"background-color: #f5f5f5; font-size: 14px;\">Gerne k\u00f6nnen Sie uns die Unterlagen auch per Post zukommen lassen. Wir melden uns dann telefonisch bei Ihnen.<\/span><\/p>\n<p>&nbsp;<\/p>\n<div class=\"et_pb_blurb_description\">\n<p>Eine Aufnahme in das laufende Schuljahr ist nur noch in ganz besonderen F\u00e4llen m\u00f6glich &#8211; zum Beispiel aufgrund einer guten schulischen Vorbildung auf einer weiterf\u00fchrenden Schule (Realschule, Gymnasium).<\/p>\n<p>Bitte informieren Sie sich \u00fcber unser Angebot hier auf unserer Homepage und treten Sie bei Interesse per E-Mail unter <a href=\"mailto:abendrealschule@augsburg,de\">abendrealschule@augsburg.de mit uns in Kontakt.<span style=\"color: #0d3d61;\">\u00a0<\/span><\/a><\/p>\n<p>Telefonisch sind wir unter 0821 &#8211; 324 18 410 erreichbar &#8211; wir beraten Sie gerne. Sprechen Sie notfalls bitte auf den Anrufbeantworter, wir rufen Sie gerne zur\u00fcck.<\/p>\n<\/div>\n<p>[\/et_pb_testimonial][\/et_pb_column][et_pb_column type=&#8220;1_2&#8243; _builder_version=&#8220;4.16&#8243; global_colors_info=&#8220;{}&#8220; custom_padding__hover=&#8220;|||&#8220;][et_pb_testimonial _builder_version=&#8220;4.27.4&#8243; z_index_tablet=&#8220;500&#8243; inline_fonts=&#8220;Arial&#8220; global_colors_info=&#8220;{}&#8220;]<\/p>\n<p><strong><span style=\"color: #e02b20;\">\u00d6ffnungszeiten des Sekretariats:<\/span><\/strong><\/p>\n<p><span style=\"font-size: 14px; font-weight: bold; color: #0c71c3;\">Au\u00dferhalb der Ferien:<br \/>\n<\/span><b style=\"font-size: 14px;\">Montag bis Donnerstag: 17:00 bis 19:00 Uhr<\/b><\/p>\n<p><strong><span style=\"font-size: 14px; background-color: #f5f5f5;\">Wir bitten vor einem Besuch im Schulhaus um eine Terminvereinbarung per E-Mail oder unter 0821 &#8211; 324 18 410<\/span><\/strong><\/p>\n<p>Per E-Mail sind wir unter <a href=\"mailto:abendrealschule@augsburg.de\">abendrealschule@augsburg.de\u00a0 erreichbar.<\/a><\/p>\n<p>&nbsp;<\/p>\n<p>&nbsp;<\/p>\n<p>[\/et_pb_testimonial][\/et_pb_column][\/et_pb_row][et_pb_row column_structure=&#8220;1_2,1_2&#8243; _builder_version=&#8220;4.16&#8243; background_size=&#8220;initial&#8220; background_position=&#8220;top_left&#8220; background_repeat=&#8220;repeat&#8220; global_colors_info=&#8220;{}&#8220;][et_pb_column type=&#8220;1_2&#8243; _builder_version=&#8220;4.16&#8243; hover_enabled=&#8220;0&#8243; global_colors_info=&#8220;{}&#8220; custom_padding__hover=&#8220;|||&#8220; sticky_enabled=&#8220;0&#8243;][et_pb_text _builder_version=&#8220;4.27.4&#8243; custom_padding=&#8220;0px|||||&#8220; z_index_tablet=&#8220;500&#8243; global_colors_info=&#8220;{}&#8220;]<\/p>\n<p><span style=\"color: #0d3d61;\"><strong>F\u00fcr eine Anmeldung ben\u00f6tigen wir:<\/strong><\/span><\/p>\n<ul>\n<li>Ausweis<\/li>\n<li>Lebenslauf, inkl. bisheriger beruflicher und schulischer T\u00e4tigkeit.<\/li>\n<li>Wenn vorhanden: Arbeitgeberbescheinigungen<\/li>\n<li>letztes Schulzeugnis<\/li>\n<li>Migranten und Fl\u00fcchtlinge:<br \/>\nBest\u00e4tigungen oder Zertifikate von Sprachkursen (Mind. B1-Niveau)<\/li>\n<li style=\"font-size: 14px;\">ein Lichtbild<\/li>\n<\/ul>\n<p>Die Pl\u00e4tze werden nach der Reihenfolge der geeigneten Anmeldungen vergeben!<\/p>\n<p>Damit wir f\u00fcr das kommende Schuljahr planen k\u00f6nnen, bitten wir um eine m\u00f6glichst fr\u00fchzeitige Anmeldung!<\/p>\n<p><span style=\"color: #f92c1d;\">Hier finden Sie das Anmeldeformular zum <strong><a style=\"color: #f92c1d;\" href=\"https:\/\/abendrealschule-augsburg.de\/wp-content\/uploads\/2020\/04\/Anmeldeformular-Schule%20-2-2.pdf\" target=\"_blank\" rel=\"noopener noreferrer\">Download<\/a><\/strong><\/span><\/p>\n<p>Unser Sekretariat befindet sich im 1. Stock des Geb\u00e4udes.<\/p>\n<p>W\u00e4hrend Ihres Aufenthaltes k\u00f6nnen Sie gerne auf unserem Parkplatz parken!<\/p>\n<p><span style=\"background-color: #ffffff; font-size: 14px;\">Bitte klingeln Sie am Haupteingang an der Stra\u00dfe bei &#8222;Abendrealschule&#8220;.<\/span><\/p>\n<p>Wir bitten um eine Terminvereinbarung per E-Mail an <a href=\"mailto:abendrealschule@augsburg.de\">abendrealschule@augsburg.de oder telefonisch unter 0821 &#8211; 324 18 410.<\/a><\/p>\n<p>[\/et_pb_text][\/et_pb_column][et_pb_column type=&#8220;1_2&#8243; _builder_version=&#8220;4.16&#8243; global_colors_info=&#8220;{}&#8220; custom_padding__hover=&#8220;|||&#8220;][et_pb_text _builder_version=&#8220;4.16&#8243; custom_padding=&#8220;0px|||||&#8220; z_index_tablet=&#8220;500&#8243; global_colors_info=&#8220;{}&#8220;]<span style=\"color: #0d3d61;\"><strong>Abendrealschule f\u00fcr Berufst\u00e4tige<\/strong><\/span><br \/>\nIm 1. Stock der Agnes-Bernauer-Schule<br \/>\nAuf dem Kreuz 36<br \/>\n86152 Augsburg<\/p>\n<p><strong>Tel:<\/strong>\u00a0\u00a0\u00a0\u00a0 0821 &#8211; 324 18410 (W\u00e4hrend der Ferien beste Erreichbarkeit per E-Mail!)<\/p>\n<p><strong>Email:<\/strong> \u00a0\u00a0\u00a0 abendrealschule@augsburg.de ( auch w\u00e4hrend der Ferien!)<\/p>\n<p>&nbsp;<\/p>\n<p>&nbsp;<\/p>\n<p><span style=\"color: #e02b20;\"><strong>Bitte vereinbaren Sie vorab telefonisch oder per E-Mail einen Termin.\u00a0<\/strong><\/span><br \/>\n[\/et_pb_text][et_pb_contact_form email=&#8220;matthias.norys@agnes-rs.de&#8220; _builder_version=&#8220;4.16&#8243; _unique_id=&#8220;634de974-7c14-4975-bb7b-6f193c128783&#8243; form_field_background_color=&#8220;#ffe9a8&#8243; z_index_tablet=&#8220;500&#8243; form_background_color=&#8220;#ffe9a8&#8243; global_colors_info=&#8220;{}&#8220;][et_pb_contact_field field_id=&#8220;Name&#8220; field_title=&#8220;Name&#8220; _builder_version=&#8220;4.16&#8243; global_colors_info=&#8220;{}&#8220;][\/et_pb_contact_field][et_pb_contact_field field_id=&#8220;Email&#8220; field_title=&#8220;E-Mail-Adresse&#8220; field_type=&#8220;email&#8220; _builder_version=&#8220;4.16&#8243; global_colors_info=&#8220;{}&#8220;][\/et_pb_contact_field][et_pb_contact_field field_id=&#8220;Telefon&#8220; field_title=&#8220;Telefon&#8220; fullwidth_field=&#8220;on&#8220; _builder_version=&#8220;4.16&#8243; global_colors_info=&#8220;{}&#8220;][\/et_pb_contact_field][et_pb_contact_field field_id=&#8220;Message&#8220; field_title=&#8220;Nachricht&#8220; field_type=&#8220;text&#8220; fullwidth_field=&#8220;on&#8220; _builder_version=&#8220;4.16&#8243; global_colors_info=&#8220;{}&#8220;][\/et_pb_contact_field][\/et_pb_contact_form][\/et_pb_column][\/et_pb_row][\/et_pb_section]<\/p>\n","protected":false},"excerpt":{"rendered":"<p>Das n\u00e4chste Schuljahr 2026\/27 beginnt am Dienstag, 15. September 2026 um 17:30 Uhr. &nbsp; Die Anmeldephase hat bereits begonnen. Bitte vereinbaren Sie \u00fcber das Sekretariat per E-Mail an abendrealschule@augsburg.de einen Anmeldetermin. &nbsp; Um Sie vorab beraten zu k\u00f6nnen, bitten wir um ein kurzes Bewerbungsschreiben per E-Mail an\u00a0abendrealschule@augsburg.de\u00a0, bitte stellen Sie auch einen\u00a0Lebenslauf\u00a0und Ihr letztes Schulzeugnis [&hellip;]<\/p>\n","protected":false},"author":1,"featured_media":0,"parent":0,"menu_order":0,"comment_status":"closed","ping_status":"closed","template":"","meta":{"_et_pb_use_builder":"on","_et_pb_old_content":"","_et_gb_content_width":"","footnotes":""},"class_list":["post-166","page","type-page","status-publish","hentry"],"_links":{"self":[{"href":"https:\/\/abendrealschule-augsburg.de\/index.php?rest_route=\/wp\/v2\/pages\/166"}],"collection":[{"href":"https:\/\/abendrealschule-augsburg.de\/index.php?rest_route=\/wp\/v2\/pages"}],"about":[{"href":"https:\/\/abendrealschule-augsburg.de\/index.php?rest_route=\/wp\/v2\/types\/page"}],"author":[{"embeddable":true,"href":"https:\/\/abendrealschule-augsburg.de\/index.php?rest_route=\/wp\/v2\/users\/1"}],"replies":[{"embeddable":true,"href":"https:\/\/abendrealschule-augsburg.de\/index.php?rest_route=%2Fwp%2Fv2%2Fcomments&post=166"}],"version-history":[{"count":82,"href":"https:\/\/abendrealschule-augsburg.de\/index.php?rest_route=\/wp\/v2\/pages\/166\/revisions"}],"predecessor-version":[{"id":889,"href":"https:\/\/abendrealschule-augsburg.de\/index.php?rest_route=\/wp\/v2\/pages\/166\/revisions\/889"}],"wp:attachment":[{"href":"https:\/\/abendrealschule-augsburg.de\/index.php?rest_route=%2Fwp%2Fv2%2Fmedia&parent=166"}],"curies":[{"name":"wp","href":"https:\/\/api.w.org\/{rel}","templated":true}]}}