{"id":152,"date":"2019-04-09T20:04:20","date_gmt":"2019-04-09T18:04:20","guid":{"rendered":"https:\/\/abendrealschule-augsburg.de\/?page_id=152"},"modified":"2019-04-09T20:04:20","modified_gmt":"2019-04-09T18:04:20","slug":"impressum","status":"publish","type":"page","link":"https:\/\/abendrealschule-augsburg.de\/?page_id=152","title":{"rendered":"Impressum"},"content":{"rendered":"<p>[et_pb_section bb_built=&#8220;1&#8243; fullwidth=&#8220;on&#8220; specialty=&#8220;off&#8220; next_background_color=&#8220;#000000&#8243;][et_pb_fullwidth_image _builder_version=&#8220;3.21.4&#8243; src=&#8220;https:\/\/abendrealschule-augsburg.de\/wp-content\/uploads\/2019\/04\/Schule-5-1-1.jpg&#8220; z_index_tablet=&#8220;500&#8243; \/][\/et_pb_section][et_pb_section bb_built=&#8220;1&#8243; prev_background_color=&#8220;#000000&#8243;][et_pb_row][et_pb_column type=&#8220;4_4&#8243;][et_pb_text _builder_version=&#8220;3.21.4&#8243; z_index_tablet=&#8220;500&#8243;]<\/p>\n<p><big><b><span style=\"font-family: Arial,Helvetica;\">Impressum<\/span><\/b>\u00a0<\/big><\/p>\n<p><b><span style=\"font-family: Arial,Helvetica;\">Agnes-Bernauer-Schule<\/span><\/b><br \/><span style=\"font-family: Arial,Helvetica;\">Abendrealschule f\u00fcr Berufst\u00e4tige<\/span><br \/><span style=\"font-family: Arial,Helvetica;\">Auf dem Kreuz 36<\/span><br \/><span style=\"font-family: Arial,Helvetica;\">86152 Augsburg<\/span><\/p>\n<p><span style=\"font-family: Arial,Helvetica;\">Tel.:\u00a0(0821)\u00a0324-18410<\/span><br \/><span style=\"font-family: Arial,Helvetica;\">Fax:\u00a0(0821)\u00a0324-18406<\/span><br \/><span style=\"font-family: Arial,Helvetica;\">e-mail:\u00a0<\/span><span style=\"font-family: Arial,Helvetica;\">abendrealschule @ agnes.de<\/span><\/p>\n<p><strong>Haftung<\/strong><br \/>Hinweis zu allen Links auf den Seiten der Schule: Mit Urteil vom 12. Mai 1998 &#8211; 312 O 85\/98 &#8211; &#8222;Haftung f\u00fcr Links&#8220; (<a href=\"http:\/\/www.online-recht.de\/\" target=\"_blank\" rel=\"noopener noreferrer\">http:\/\/www.online-recht.de<\/a>) hat das Landgericht Hamburg entschieden, dass man durch einen Link auf eine andere Homepage deren Inhalte ggf. mit zu verantworten hat. Dies kann laut LG nur verhindert werden, indem man sich ausdr\u00fccklich von diesen Inhalten distanziert.\u00a0<b>Hiermit distanzieren wir uns ausdr\u00fccklich von s\u00e4mtlichen Inhalten aller von uns per Link angebotenen fremden Seiten.\u00a0<\/b><\/p>\n<p><strong>Recht<\/strong><br \/><span style=\"font-family: Arial,Helvetica;\">Alle Beitr\u00e4ge und alle Bilder auf dieser homepage unterliegen ausdr\u00fccklich dem Urheberrecht. S\u00e4mtliche Rechte daran behalten wir uns vor. Informationen auf dieser Webseite, speziell Texte und Bilder, d\u00fcrfen nicht, sofern nicht ausdr\u00fccklich anders bestimmt, ohne schriftliche Genehmigung des Herausgebers vervielf\u00e4ltigt, transferiert, vertrieben oder gespeichert werden. Modifikationen des Inhalts dieser Webseite sind ausdr\u00fccklich untersagt.<\/span><br \/><span style=\"font-family: Arial,Helvetica;\">Sollten uns Fehler unterlaufen sein, benachrichtigen Sie uns bitte.<\/span><br \/><i><span style=\"font-family: Arial,Helvetica;\">(E-Mail-Adresse siehe oben)<\/span><\/i><\/p>\n<p>[\/et_pb_text][\/et_pb_column][\/et_pb_row][\/et_pb_section]<\/p>\n","protected":false},"excerpt":{"rendered":"<p><div class=\"et_pb_row et_pb_row_0 et_pb_row_empty\">\n\t\t\t\t\n\t\t\t\t\n\t\t\t\t\n\t\t\t\t\n\t\t\t\t\n\t\t\t<\/div> Impressum\u00a0Agnes-Bernauer-SchuleAbendrealschule f\u00fcr Berufst\u00e4tigeAuf dem Kreuz 3686152 AugsburgTel.:\u00a0(0821)\u00a0324-18410Fax:\u00a0(0821)\u00a0324-18406e-mail:\u00a0abendrealschule @ agnes.deHaftungHinweis zu allen Links auf den Seiten der Schule: Mit Urteil vom 12. Mai 1998 &#8211; 312 O 85\/98 &#8211; &#8222;Haftung f\u00fcr Links&#8220; (http:\/\/www.online-recht.de) hat das Landgericht Hamburg entschieden, dass man durch einen Link auf eine andere Homepage deren Inhalte ggf. mit zu verantworten hat. Dies [&hellip;]<\/p>\n","protected":false},"author":1,"featured_media":0,"parent":0,"menu_order":0,"comment_status":"closed","ping_status":"closed","template":"","meta":{"_et_pb_use_builder":"on","_et_pb_old_content":"","_et_gb_content_width":"","footnotes":""},"class_list":["post-152","page","type-page","status-publish","hentry"],"_links":{"self":[{"href":"https:\/\/abendrealschule-augsburg.de\/index.php?rest_route=\/wp\/v2\/pages\/152"}],"collection":[{"href":"https:\/\/abendrealschule-augsburg.de\/index.php?rest_route=\/wp\/v2\/pages"}],"about":[{"href":"https:\/\/abendrealschule-augsburg.de\/index.php?rest_route=\/wp\/v2\/types\/page"}],"author":[{"embeddable":true,"href":"https:\/\/abendrealschule-augsburg.de\/index.php?rest_route=\/wp\/v2\/users\/1"}],"replies":[{"embeddable":true,"href":"https:\/\/abendrealschule-augsburg.de\/index.php?rest_route=%2Fwp%2Fv2%2Fcomments&post=152"}],"version-history":[{"count":1,"href":"https:\/\/abendrealschule-augsburg.de\/index.php?rest_route=\/wp\/v2\/pages\/152\/revisions"}],"predecessor-version":[{"id":153,"href":"https:\/\/abendrealschule-augsburg.de\/index.php?rest_route=\/wp\/v2\/pages\/152\/revisions\/153"}],"wp:attachment":[{"href":"https:\/\/abendrealschule-augsburg.de\/index.php?rest_route=%2Fwp%2Fv2%2Fmedia&parent=152"}],"curies":[{"name":"wp","href":"https:\/\/api.w.org\/{rel}","templated":true}]}}