{"id":148,"date":"2019-04-09T19:57:54","date_gmt":"2019-04-09T17:57:54","guid":{"rendered":"https:\/\/abendrealschule-augsburg.de\/?page_id=148"},"modified":"2025-05-08T11:14:18","modified_gmt":"2025-05-08T09:14:18","slug":"geschichte","status":"publish","type":"page","link":"https:\/\/abendrealschule-augsburg.de\/?page_id=148","title":{"rendered":"Geschichte"},"content":{"rendered":"<p>[et_pb_section fb_built=&#8220;1&#8243; fullwidth=&#8220;on&#8220; _builder_version=&#8220;4.16&#8243; global_colors_info=&#8220;{}&#8220;][et_pb_fullwidth_image src=&#8220;https:\/\/abendrealschule-augsburg.de\/wp-content\/uploads\/2019\/04\/Schule-5-1-1.jpg&#8220; _builder_version=&#8220;4.16&#8243; z_index_tablet=&#8220;500&#8243; global_colors_info=&#8220;{}&#8220;][\/et_pb_fullwidth_image][\/et_pb_section][et_pb_section fb_built=&#8220;1&#8243; _builder_version=&#8220;4.16&#8243; global_colors_info=&#8220;{}&#8220;][et_pb_row _builder_version=&#8220;4.16&#8243; background_size=&#8220;initial&#8220; background_position=&#8220;top_left&#8220; background_repeat=&#8220;repeat&#8220; global_colors_info=&#8220;{}&#8220;][et_pb_column type=&#8220;4_4&#8243; _builder_version=&#8220;4.16&#8243; custom_padding=&#8220;|||&#8220; global_colors_info=&#8220;{}&#8220; custom_padding__hover=&#8220;|||&#8220;][et_pb_text _builder_version=&#8220;4.16&#8243; z_index_tablet=&#8220;500&#8243; global_colors_info=&#8220;{}&#8220;]<\/p>\n<p><big><span style=\"color: #0d3d61;\"><strong>,\u00a0 Geschichte der Abendrealschule f\u00fcr Berufst\u00e4tige:<\/strong><\/span><br \/><\/big><\/p>\n<ul>\n<li><strong>1950:<\/strong>\u00a0Die Stadt Augsburg gr\u00fcndet die &#8222;Abendmittelschule f\u00fcr Berufst\u00e4tige&#8220; als eigene Abteilung der damaligen &#8222;St\u00e4dtischen Mittelschule f\u00fcr Knaben&#8220; mit Genehmigung des Bayerischen Staatsministeriums f\u00fcr Unterricht und Kultus.\u00a0Schulleitung:\u00a0Ferdinand Hausladen<\/li>\n<li><strong>1957:<\/strong>\u00a0Neue Schulleitung:\u00a0Dr. Emil Popp<\/li>\n<li><strong>1965:\u00a0<\/strong>Nach Aufl\u00f6sung der St\u00e4dtischen Mittelschule f\u00fcr Knaben&#8220; wird die\u00a0&#8222;Abendrealschule f\u00fcr Berufst\u00e4tige&#8220;\u00a0selbst\u00e4ndig.\u00a0<br \/>Schulleitung:\u00a0Gymnasialprofessor Wilhelm Griffel<\/li>\n<li><strong>1969<\/strong>:\u00a0Neue Schulleitung:\u00a0Alfred Kaas<\/li>\n<li><strong>1972:<\/strong>\u00a0Umzug in den Neubau der Agnes-Bernauer-Schule,\u00a0neue Schulleitung:\u00a0Erich Warendorf<\/li>\n<li><strong>1975<\/strong>:\u00a0191 Sch\u00fclerinnen und Sch\u00fcler werden in 6 Klassen in drei Zweigen (wirtschaftlich, mathemaisch und sozial) unterrichtet.<\/li>\n<li><strong>1980:<\/strong>\u00a0Einf\u00fchrung des zweij\u00e4hrigen Oberstufenlehrgangs zur Vorbereitung auf das allgemeine Abitur (Begabtenabitur)<\/li>\n<li><strong>1986<\/strong>:\u00a0Neue Schulleitung der Agnes-Bernauer-Schule: Gerlinde Kolb (ab 1989 auch f\u00fcr die Abendrealschule zust\u00e4ndig)<\/li>\n<li><strong>1989<\/strong>:\u00a0Eingliederung in die Schulstruktur der\u00a0<a href=\"http:\/\/www.agnes.de\/\">Agnes-Bernauer-Schule<\/a>\u00a0&#8211;\u00a0Schulleitung der Abendrealschule\u00a0durch den zweiten Konrektor Georg Gruber<\/li>\n<li><strong>2000<\/strong>:\u00a050-Jahr-Feier\u00a0<\/li>\n<li><strong>2010<\/strong>:\u00a0Neue Schulleitung\u00a0der Agnes-Bernauer-Schule: Robert Fischer\u00a0<\/li>\n<li><strong>2014<\/strong>:\u00a0Herr Georg Gruber geht in den Ruhestand.\u00a0<\/li>\n<li><strong>2014<\/strong>:\u00a0Neue Leitung der Abendrealschule:\u00a0Matthias Norys\u00a0als zweiter Konrektor der Agnes-Bernauer-Schule<\/li>\n<li><strong>2015<\/strong>:\u00a0(Wieder-) Einf\u00fchrung der\u00a0Wahlpflichtf\u00e4chergruppe Wirtschaft\u00a0(F\u00e4cher Betriebswirtschaftslehre\/Rechnungswesen, Wirtschafts-und Rechtslehre, Sozialkunde)<\/li>\n<li><strong>2015<\/strong>:\u00a0Gr\u00fcndung einer\u00a0internationalen Klasse\u00a0f\u00fcr Sch\u00fcler, deren Muttersprache nicht Deutsch ist.<\/li>\n<li><strong>2015 &#8211; 2019:<\/strong> M\u00f6glichkeit in der speziellen internationalen Klasse zusammen mit der St. Georg Schule den externen Mittelschulabschluss abzulegen.<\/li>\n<li><strong>2019<\/strong>: Mangels geeigneter Nachfrage wurde der Betrieb des Oberstufenlehrgangs (Vorbereitung auf das Begabtenabitur) im Februar 2019 eingestellt.<\/li>\n<li><strong>2020<\/strong>: Zusammenlegung der beiden Eingangsklassen &#8211; Deutschunterricht mit 2 Lehrkr\u00e4ften, um Migranten in den Deutsch-Unterricht der Abendrealschule zu integrieren.\u00a0<\/li>\n<li>Aktuelle Sch\u00fclerzahl zum Statistiktermin am 1. Oktober: zwischen 50 und 70 Sch\u00fclerinnen und Sch\u00fcler in 3 Klassen &#8211; einer der kleinsten Schulen Bayerns<\/li>\n<li>Zwei Wahlpflichtf\u00e4chergruppen: Wirtschaft (BwR, WiR, PuG) und Soziallehre (SL, Bio)<\/li>\n<li><strong>2025<\/strong>: 75-Jahr-Feier am 05.06.2025 um 18 Uhr<\/li>\n<\/ul>\n<p>[\/et_pb_text][\/et_pb_column][\/et_pb_row][\/et_pb_section]<\/p>\n","protected":false},"excerpt":{"rendered":"<p>,\u00a0 Geschichte der Abendrealschule f\u00fcr Berufst\u00e4tige: 1950:\u00a0Die Stadt Augsburg gr\u00fcndet die &#8222;Abendmittelschule f\u00fcr Berufst\u00e4tige&#8220; als eigene Abteilung der damaligen &#8222;St\u00e4dtischen Mittelschule f\u00fcr Knaben&#8220; mit Genehmigung des Bayerischen Staatsministeriums f\u00fcr Unterricht und Kultus.\u00a0Schulleitung:\u00a0Ferdinand Hausladen 1957:\u00a0Neue Schulleitung:\u00a0Dr. Emil Popp 1965:\u00a0Nach Aufl\u00f6sung der St\u00e4dtischen Mittelschule f\u00fcr Knaben&#8220; wird die\u00a0&#8222;Abendrealschule f\u00fcr Berufst\u00e4tige&#8220;\u00a0selbst\u00e4ndig.\u00a0Schulleitung:\u00a0Gymnasialprofessor Wilhelm Griffel 1969:\u00a0Neue Schulleitung:\u00a0Alfred Kaas 1972:\u00a0Umzug in [&hellip;]<\/p>\n","protected":false},"author":1,"featured_media":0,"parent":0,"menu_order":0,"comment_status":"closed","ping_status":"closed","template":"","meta":{"_et_pb_use_builder":"on","_et_pb_old_content":"","_et_gb_content_width":"","footnotes":""},"class_list":["post-148","page","type-page","status-publish","hentry"],"_links":{"self":[{"href":"https:\/\/abendrealschule-augsburg.de\/index.php?rest_route=\/wp\/v2\/pages\/148"}],"collection":[{"href":"https:\/\/abendrealschule-augsburg.de\/index.php?rest_route=\/wp\/v2\/pages"}],"about":[{"href":"https:\/\/abendrealschule-augsburg.de\/index.php?rest_route=\/wp\/v2\/types\/page"}],"author":[{"embeddable":true,"href":"https:\/\/abendrealschule-augsburg.de\/index.php?rest_route=\/wp\/v2\/users\/1"}],"replies":[{"embeddable":true,"href":"https:\/\/abendrealschule-augsburg.de\/index.php?rest_route=%2Fwp%2Fv2%2Fcomments&post=148"}],"version-history":[{"count":2,"href":"https:\/\/abendrealschule-augsburg.de\/index.php?rest_route=\/wp\/v2\/pages\/148\/revisions"}],"predecessor-version":[{"id":849,"href":"https:\/\/abendrealschule-augsburg.de\/index.php?rest_route=\/wp\/v2\/pages\/148\/revisions\/849"}],"wp:attachment":[{"href":"https:\/\/abendrealschule-augsburg.de\/index.php?rest_route=%2Fwp%2Fv2%2Fmedia&parent=148"}],"curies":[{"name":"wp","href":"https:\/\/api.w.org\/{rel}","templated":true}]}}