{"id":139,"date":"2019-04-09T19:52:42","date_gmt":"2019-04-09T17:52:42","guid":{"rendered":"https:\/\/abendrealschule-augsburg.de\/?page_id=139"},"modified":"2025-08-05T22:35:08","modified_gmt":"2025-08-05T20:35:08","slug":"abendrealschule","status":"publish","type":"page","link":"https:\/\/abendrealschule-augsburg.de\/?page_id=139","title":{"rendered":"Abendrealschule"},"content":{"rendered":"<p>[et_pb_section fb_built=&#8220;1&#8243; fullwidth=&#8220;on&#8220; _builder_version=&#8220;4.16&#8243; global_colors_info=&#8220;{}&#8220;][et_pb_fullwidth_image src=&#8220;https:\/\/abendrealschule-augsburg.de\/wp-content\/uploads\/2019\/04\/Schule-5-1-1.jpg&#8220; _builder_version=&#8220;4.16&#8243; z_index_tablet=&#8220;500&#8243; global_colors_info=&#8220;{}&#8220;][\/et_pb_fullwidth_image][\/et_pb_section][et_pb_section fb_built=&#8220;1&#8243; _builder_version=&#8220;4.16&#8243; global_colors_info=&#8220;{}&#8220;][et_pb_row column_structure=&#8220;3_5,2_5&#8243; _builder_version=&#8220;4.16&#8243; background_size=&#8220;initial&#8220; background_position=&#8220;top_left&#8220; background_repeat=&#8220;repeat&#8220; global_colors_info=&#8220;{}&#8220;][et_pb_column type=&#8220;3_5&#8243; _builder_version=&#8220;4.16&#8243; custom_padding=&#8220;|||&#8220; global_colors_info=&#8220;{}&#8220; custom_padding__hover=&#8220;|||&#8220;][et_pb_text _builder_version=&#8220;4.16&#8243; z_index_tablet=&#8220;500&#8243; global_colors_info=&#8220;{}&#8220;]<span style=\"color: #0d3d61;\"><strong>Zielsetzung<\/strong><\/span><br \/>\nDie Abendrealschule bietet Erwachsenen die M\u00f6glichkeit, den Realschulabschluss (\u201emittlere Reife\u201c) in 3-j\u00e4hrigem Abendunterricht nachzuholen &#8211; unter bestimmten Vorraussetzungen auch schneller.<br \/>\nDas Abschlusszeugnis er\u00f6ffnet vielf\u00e4ltige M\u00f6glichkeiten zu beruflichem Aufstieg und berechtigt (unter bestimmten Voraussetzungen) zum Eintritt in die Fachoberschule, die Berufsoberschule und in das Bayernkolleg.<\/p>\n<p><span style=\"color: #0d3d61;\"><strong>Struktur<\/strong><\/span><br \/>\nDie Realschule ist gegliedert in Wahlpflichtf\u00e4chergruppen. Zus\u00e4tzlich zu dem f\u00fcr alle Sch\u00fcler verbindlichen Unterricht in den Pflichtf\u00e4chern Deutsch, Englisch, Mathematik und Physik wird hier den unterschiedlichen Begabungen und Berufszielen der Sch\u00fcler durch ein differenziertes Angebot an Wahlpflichtf\u00e4chern Rechnung getragen.<br \/>\nAn der Abendrealschule Augsburg werden die Wahlpflichtf\u00e4chergruppen II (Wirtschaftlicher Zweig) und III (Sozialer Zweig) angeboten.<\/p>\n<p><span style=\"color: #0d3d61;\"><strong>Abschlusspr\u00fcfungsf\u00e4cher am Ende der 3. Jahrgangsstufe<\/strong><\/span><br \/>\nWahlpflichtf\u00e4chergruppe II: Deutsch, Englisch, Mathematik und Betriebswirtschaftslehre\/Rechnungswesen<br \/>\nWahlpflichtf\u00e4chergruppe III: Deutsch, Englisch, Mathematik und Soziallehre<\/p>\n<p>Bitte melden Sie sich m\u00f6glichst fr\u00fchzeitig (ab Februar) bei uns an und teilen Sie uns Ihre gew\u00fcnschte Wahlpflichtf\u00e4chergruppe mit!<br \/>\n[\/et_pb_text][\/et_pb_column][et_pb_column type=&#8220;2_5&#8243; _builder_version=&#8220;4.16&#8243; custom_padding=&#8220;|||&#8220; global_colors_info=&#8220;{}&#8220; custom_padding__hover=&#8220;|||&#8220;][et_pb_image src=&#8220;https:\/\/abendrealschule-augsburg.de\/wp-content\/uploads\/2019\/04\/IMG_20190114_191718.jpg&#8220; align_tablet=&#8220;center&#8220; align_phone=&#8220;center&#8220; align_last_edited=&#8220;on|desktop&#8220; _builder_version=&#8220;4.16&#8243; z_index_tablet=&#8220;500&#8243; global_colors_info=&#8220;{}&#8220;][\/et_pb_image][et_pb_image src=&#8220;https:\/\/abendrealschule-augsburg.de\/wp-content\/uploads\/2019\/04\/MVIMG_20181220_182752-1.jpg&#8220; align_tablet=&#8220;center&#8220; align_phone=&#8220;center&#8220; align_last_edited=&#8220;on|desktop&#8220; _builder_version=&#8220;4.16&#8243; z_index_tablet=&#8220;500&#8243; global_colors_info=&#8220;{}&#8220;][\/et_pb_image][\/et_pb_column][\/et_pb_row][et_pb_row column_structure=&#8220;2_5,3_5&#8243; _builder_version=&#8220;4.16&#8243; background_size=&#8220;initial&#8220; background_position=&#8220;top_left&#8220; background_repeat=&#8220;repeat&#8220; global_colors_info=&#8220;{}&#8220;][et_pb_column type=&#8220;2_5&#8243; _builder_version=&#8220;4.16&#8243; custom_padding=&#8220;|||&#8220; global_colors_info=&#8220;{}&#8220; custom_padding__hover=&#8220;|||&#8220;][et_pb_image src=&#8220;https:\/\/abendrealschule-augsburg.de\/wp-content\/uploads\/2019\/04\/IMG_20190109_194352.jpg&#8220; align_tablet=&#8220;center&#8220; align_phone=&#8220;center&#8220; align_last_edited=&#8220;on|desktop&#8220; _builder_version=&#8220;4.16&#8243; z_index_tablet=&#8220;500&#8243; global_colors_info=&#8220;{}&#8220;][\/et_pb_image][et_pb_image src=&#8220;https:\/\/abendrealschule-augsburg.de\/wp-content\/uploads\/2019\/04\/IMG_20190114_210525-1.jpg&#8220; align_tablet=&#8220;center&#8220; align_phone=&#8220;center&#8220; align_last_edited=&#8220;on|desktop&#8220; _builder_version=&#8220;4.16&#8243; z_index_tablet=&#8220;500&#8243; global_colors_info=&#8220;{}&#8220;][\/et_pb_image][\/et_pb_column][et_pb_column type=&#8220;3_5&#8243; _builder_version=&#8220;4.16&#8243; custom_padding=&#8220;|||&#8220; global_colors_info=&#8220;{}&#8220; custom_padding__hover=&#8220;|||&#8220;][et_pb_text _builder_version=&#8220;4.16&#8243; z_index_tablet=&#8220;500&#8243; global_colors_info=&#8220;{}&#8220;]<\/p>\n<p><span style=\"color: #0d3d61;\"><strong>Unterrichtszeit:<\/strong><\/span><br \/>Montag \u2013 Donnerstag jeweils 17:30 &#8211; 21:05 Uhr.<\/p>\n<p>F\u00f6rderunterricht in Deutsch, Englisch und Mathematik<br \/><span style=\"font-size: x-small;\">(digital \u00fcber Microsoft Teams &#8211; nach Absprache im Schulhaus)<\/span><br \/>Ferientermine und unterrichtsfreie Tage wie an allen \u00f6ffentlichen Schulen in Bayern.<\/p>\n<p><span style=\"color: #0d3d61;\"><strong>Aufnahmevoraussetzungen:<\/strong><\/span><br \/>Mindestalter 17 Jahre<br \/>erf\u00fcllte Schulpflicht<br \/>vorhandene Berufst\u00e4tigkeit (<span style=\"text-decoration: underline;\">mind. 6 Monate<\/span>), die w\u00e4hrend des Besuchs der 1. und 2. Klasse fortgef\u00fchrt werden sollte.<br \/>(Gemeldete Arbeitslosigkeit, Berufsgrundschuljahr, Berufsvorbereitungsjahr, Bundesfreiwilligendienst, FSJ, Wehr- oder Zivildienst sowie die F\u00fchrung eines Familienhaushalts werden als Ersatz f\u00fcr eine Berufst\u00e4tigkeit anerkannt.)<br \/>Eine Aufnahme in die 2. oder 3. Klasse ist m\u00f6glich f\u00fcr Bewerber, die die 8. oder die 9. Klasse eines Gymnasiums, einer Real- oder einer Wirtschaftsschule erfolgreich besucht haben.<\/p>\n<p>Die Aufnahme erfolgt auf Probe. Die Probezeit dauert in der Regel ein halbes Jahr. Besonders begabte Sch\u00fcler k\u00f6nnen evtl. auch nach den Weihnachtsferien in die n\u00e4chsth\u00f6here Jahrgangsstufe vorr\u00fccken.<br \/>Nicht aufgenommen werden Bewerber, die sich schon zweimal ohne Erfolg der Abschlusspr\u00fcfung an Realschulen unterzogen haben.<\/p>\n<p>&nbsp;<\/p>\n<p>[\/et_pb_text][\/et_pb_column][\/et_pb_row][et_pb_row column_structure=&#8220;1_2,1_2&#8243; _builder_version=&#8220;4.16&#8243; background_size=&#8220;initial&#8220; background_position=&#8220;top_left&#8220; background_repeat=&#8220;repeat&#8220; global_colors_info=&#8220;{}&#8220;][et_pb_column type=&#8220;1_2&#8243; _builder_version=&#8220;4.16&#8243; custom_padding=&#8220;|||&#8220; global_colors_info=&#8220;{}&#8220; custom_padding__hover=&#8220;|||&#8220;][et_pb_blurb _builder_version=&#8220;4.16&#8243; z_index_tablet=&#8220;500&#8243; global_colors_info=&#8220;{}&#8220;]<\/p>\n<p><span style=\"color: #0d3d61;\"><strong>Kosten<\/strong><\/span><br \/>Die Teilnahme ist schulgeld- und lernmittelfrei. Die Kosten f\u00fcr Arbeitsmittel (Hefte, Schreibzeug) sowie die Fahrtkosten m\u00fcssen selbst getragen werden.<\/p>\n<p><strong><span style=\"color: #0d3d61;\">Schulbeginn:<\/span>\u00a0<\/strong>Jeweils im September nach den Sommerferien.<\/p>\n<p><span style=\"color: #0d3d61;\"><strong>F\u00fcr die Anmeldung sind erforderlich:<\/strong><\/span><\/p>\n<ul>\n<li>der Personalausweis<\/li>\n<li>das Abschlusszeugnis der Hauptschule oder das Zeugnis der zuletzt besuchten allgemeinbildenden Schule (Original oder Kopie)<\/li>\n<li>der schriftliche Nachweis \u00fcber eine Berufst\u00e4tigkeit oder eine abgeschlossene Berufsausbildung, oder<\/li>\n<li>Bescheinigung der Arbeitsagentur.<\/li>\n<\/ul>\n<p><span style=\"color: #0d3d61;\"><strong>Das Sekretariat ist zu folgenden Zeiten ge\u00f6ffnet:<\/strong><\/span><\/p>\n<ul>\n<li><strong>Montag, Dienstag ,Mittwoch, Donnerstag<\/strong><br \/>16:00 \u2013 18:00 Uhr<\/li>\n<\/ul>\n<p><span style=\"color: #e02b20;\"><strong>Um Wartezeiten bei der Anmeldung zu vermeiden, bitten wir um eine vorherige Terminvereinbarung<br \/><\/strong><\/span><span style=\"color: #e02b20;\"><strong>per E-Mail.<\/strong><\/span><\/p>\n<p>[\/et_pb_blurb][\/et_pb_column][et_pb_column type=&#8220;1_2&#8243; _builder_version=&#8220;4.16&#8243; custom_padding=&#8220;|||&#8220; global_colors_info=&#8220;{}&#8220; custom_padding__hover=&#8220;|||&#8220;][et_pb_image src=&#8220;https:\/\/abendrealschule-augsburg.de\/wp-content\/uploads\/2019\/04\/IMG_20190109_183249.jpg&#8220; align_tablet=&#8220;center&#8220; align_phone=&#8220;center&#8220; align_last_edited=&#8220;on|desktop&#8220; _builder_version=&#8220;4.16&#8243; z_index_tablet=&#8220;500&#8243; global_colors_info=&#8220;{}&#8220;][\/et_pb_image][et_pb_image src=&#8220;https:\/\/abendrealschule-augsburg.de\/wp-content\/uploads\/2019\/04\/MVIMG_20190114_193633.jpg&#8220; align_tablet=&#8220;center&#8220; align_phone=&#8220;center&#8220; align_last_edited=&#8220;on|desktop&#8220; _builder_version=&#8220;4.16&#8243; z_index_tablet=&#8220;500&#8243; global_colors_info=&#8220;{}&#8220;][\/et_pb_image][\/et_pb_column][\/et_pb_row][et_pb_row column_structure=&#8220;1_2,1_2&#8243; _builder_version=&#8220;4.16&#8243; background_size=&#8220;initial&#8220; background_position=&#8220;top_left&#8220; background_repeat=&#8220;repeat&#8220; global_colors_info=&#8220;{}&#8220;][et_pb_column type=&#8220;1_2&#8243; _builder_version=&#8220;4.16&#8243; custom_padding=&#8220;|||&#8220; global_colors_info=&#8220;{}&#8220; custom_padding__hover=&#8220;|||&#8220;][et_pb_text _builder_version=&#8220;4.16&#8243; z_index_tablet=&#8220;500&#8243; global_colors_info=&#8220;{}&#8220;]<strong>Abendrealschule f\u00fcr Berufst\u00e4tige<\/strong><br \/>\n<strong>(im 1. Stock der Agnes-Bernauer-Schule)<\/strong><br \/>\n<strong>Auf dem Kreuz 36<\/strong><br \/>\n<strong>86152 Augsburg<\/strong><br \/>\n[\/et_pb_text][\/et_pb_column][et_pb_column type=&#8220;1_2&#8243; _builder_version=&#8220;4.16&#8243; custom_padding=&#8220;|||&#8220; global_colors_info=&#8220;{}&#8220; custom_padding__hover=&#8220;|||&#8220;][et_pb_text _builder_version=&#8220;4.16&#8243; z_index_tablet=&#8220;500&#8243; global_colors_info=&#8220;{}&#8220;]<strong>Telefon: 0821 \/ 324 18410 <\/strong><br \/>\n(AB wird w\u00e4hrend der Ferien nur sporadisch abgeh\u00f6rt)<br \/>\n<strong>Telefax: 0821 \/ 324 18406<\/strong><br \/>\n<strong>E-Mail: abendrealschule @ augsburg.de (auch w\u00e4hrend der Ferien!)<\/strong><br \/>\n[\/et_pb_text][\/et_pb_column][\/et_pb_row][et_pb_row column_structure=&#8220;1_2,1_2&#8243; _builder_version=&#8220;4.16&#8243; background_size=&#8220;initial&#8220; background_position=&#8220;top_left&#8220; background_repeat=&#8220;repeat&#8220; global_colors_info=&#8220;{}&#8220;][et_pb_column type=&#8220;1_2&#8243; _builder_version=&#8220;4.16&#8243; custom_padding=&#8220;|||&#8220; global_colors_info=&#8220;{}&#8220; custom_padding__hover=&#8220;|||&#8220;][et_pb_contact_form email=&#8220;m.norys@gmail.com&#8220; _builder_version=&#8220;4.16&#8243; _unique_id=&#8220;bc887fc1-9df1-469e-b72f-bde6007313f3&#8243; form_field_background_color=&#8220;#ffe9a8&#8243; z_index_tablet=&#8220;500&#8243; form_background_color=&#8220;#ffe9a8&#8243; global_colors_info=&#8220;{}&#8220;][et_pb_contact_field field_id=&#8220;Name&#8220; field_title=&#8220;Name&#8220; _builder_version=&#8220;4.16&#8243; global_colors_info=&#8220;{}&#8220; button_text_size__hover_enabled=&#8220;off&#8220; button_one_text_size__hover_enabled=&#8220;off&#8220; button_two_text_size__hover_enabled=&#8220;off&#8220; button_text_color__hover_enabled=&#8220;off&#8220; button_one_text_color__hover_enabled=&#8220;off&#8220; button_two_text_color__hover_enabled=&#8220;off&#8220; button_border_width__hover_enabled=&#8220;off&#8220; button_one_border_width__hover_enabled=&#8220;off&#8220; button_two_border_width__hover_enabled=&#8220;off&#8220; button_border_color__hover_enabled=&#8220;off&#8220; button_one_border_color__hover_enabled=&#8220;off&#8220; button_two_border_color__hover_enabled=&#8220;off&#8220; button_border_radius__hover_enabled=&#8220;off&#8220; button_one_border_radius__hover_enabled=&#8220;off&#8220; button_two_border_radius__hover_enabled=&#8220;off&#8220; button_letter_spacing__hover_enabled=&#8220;off&#8220; button_one_letter_spacing__hover_enabled=&#8220;off&#8220; button_two_letter_spacing__hover_enabled=&#8220;off&#8220; button_bg_color__hover_enabled=&#8220;off&#8220; button_one_bg_color__hover_enabled=&#8220;off&#8220; button_two_bg_color__hover_enabled=&#8220;off&#8220;][\/et_pb_contact_field][et_pb_contact_field field_id=&#8220;Email&#8220; field_title=&#8220;E-Mail-Adresse&#8220; field_type=&#8220;email&#8220; _builder_version=&#8220;4.16&#8243; global_colors_info=&#8220;{}&#8220; button_text_size__hover_enabled=&#8220;off&#8220; button_one_text_size__hover_enabled=&#8220;off&#8220; button_two_text_size__hover_enabled=&#8220;off&#8220; button_text_color__hover_enabled=&#8220;off&#8220; button_one_text_color__hover_enabled=&#8220;off&#8220; button_two_text_color__hover_enabled=&#8220;off&#8220; button_border_width__hover_enabled=&#8220;off&#8220; button_one_border_width__hover_enabled=&#8220;off&#8220; button_two_border_width__hover_enabled=&#8220;off&#8220; button_border_color__hover_enabled=&#8220;off&#8220; button_one_border_color__hover_enabled=&#8220;off&#8220; button_two_border_color__hover_enabled=&#8220;off&#8220; button_border_radius__hover_enabled=&#8220;off&#8220; button_one_border_radius__hover_enabled=&#8220;off&#8220; button_two_border_radius__hover_enabled=&#8220;off&#8220; button_letter_spacing__hover_enabled=&#8220;off&#8220; button_one_letter_spacing__hover_enabled=&#8220;off&#8220; button_two_letter_spacing__hover_enabled=&#8220;off&#8220; button_bg_color__hover_enabled=&#8220;off&#8220; button_one_bg_color__hover_enabled=&#8220;off&#8220; button_two_bg_color__hover_enabled=&#8220;off&#8220;][\/et_pb_contact_field][et_pb_contact_field field_id=&#8220;Message&#8220; field_title=&#8220;Nachricht&#8220; field_type=&#8220;text&#8220; fullwidth_field=&#8220;on&#8220; _builder_version=&#8220;4.16&#8243; global_colors_info=&#8220;{}&#8220; button_text_size__hover_enabled=&#8220;off&#8220; button_one_text_size__hover_enabled=&#8220;off&#8220; button_two_text_size__hover_enabled=&#8220;off&#8220; button_text_color__hover_enabled=&#8220;off&#8220; button_one_text_color__hover_enabled=&#8220;off&#8220; button_two_text_color__hover_enabled=&#8220;off&#8220; button_border_width__hover_enabled=&#8220;off&#8220; button_one_border_width__hover_enabled=&#8220;off&#8220; button_two_border_width__hover_enabled=&#8220;off&#8220; button_border_color__hover_enabled=&#8220;off&#8220; button_one_border_color__hover_enabled=&#8220;off&#8220; button_two_border_color__hover_enabled=&#8220;off&#8220; button_border_radius__hover_enabled=&#8220;off&#8220; button_one_border_radius__hover_enabled=&#8220;off&#8220; button_two_border_radius__hover_enabled=&#8220;off&#8220; button_letter_spacing__hover_enabled=&#8220;off&#8220; button_one_letter_spacing__hover_enabled=&#8220;off&#8220; button_two_letter_spacing__hover_enabled=&#8220;off&#8220; button_bg_color__hover_enabled=&#8220;off&#8220; button_one_bg_color__hover_enabled=&#8220;off&#8220; button_two_bg_color__hover_enabled=&#8220;off&#8220;][\/et_pb_contact_field][\/et_pb_contact_form][\/et_pb_column][et_pb_column type=&#8220;1_2&#8243; _builder_version=&#8220;4.16&#8243; custom_padding=&#8220;|||&#8220; global_colors_info=&#8220;{}&#8220; custom_padding__hover=&#8220;|||&#8220;][et_pb_map address=&#8220;Auf dem Kreuz 36, 86152 Augsburg, Deutschland&#8220; address_lat=&#8220;48.37461709999999&#8243; address_lng=&#8220;10.892665500000021&#8243; _builder_version=&#8220;4.16&#8243; z_index_tablet=&#8220;500&#8243; global_colors_info=&#8220;{}&#8220;][et_pb_map_pin pin_address=&#8220;Auf dem Kreuz 36, 86152 Augsburg, Deutschland&#8220; pin_address_lat=&#8220;48.37461709999999&#8243; pin_address_lng=&#8220;10.892665500000021&#8243; _builder_version=&#8220;3.21.4&#8243; global_colors_info=&#8220;{}&#8220;][\/et_pb_map_pin][\/et_pb_map][\/et_pb_column][\/et_pb_row][\/et_pb_section]<\/p>\n","protected":false},"excerpt":{"rendered":"<p>Zielsetzung Die Abendrealschule bietet Erwachsenen die M\u00f6glichkeit, den Realschulabschluss (\u201emittlere Reife\u201c) in 3-j\u00e4hrigem Abendunterricht nachzuholen &#8211; unter bestimmten Vorraussetzungen auch schneller. Das Abschlusszeugnis er\u00f6ffnet vielf\u00e4ltige M\u00f6glichkeiten zu beruflichem Aufstieg und berechtigt (unter bestimmten Voraussetzungen) zum Eintritt in die Fachoberschule, die Berufsoberschule und in das Bayernkolleg. Struktur Die Realschule ist gegliedert in Wahlpflichtf\u00e4chergruppen. Zus\u00e4tzlich zu dem [&hellip;]<\/p>\n","protected":false},"author":1,"featured_media":0,"parent":0,"menu_order":0,"comment_status":"closed","ping_status":"closed","template":"","meta":{"_et_pb_use_builder":"on","_et_pb_old_content":"","_et_gb_content_width":"","footnotes":""},"class_list":["post-139","page","type-page","status-publish","hentry"],"_links":{"self":[{"href":"https:\/\/abendrealschule-augsburg.de\/index.php?rest_route=\/wp\/v2\/pages\/139"}],"collection":[{"href":"https:\/\/abendrealschule-augsburg.de\/index.php?rest_route=\/wp\/v2\/pages"}],"about":[{"href":"https:\/\/abendrealschule-augsburg.de\/index.php?rest_route=\/wp\/v2\/types\/page"}],"author":[{"embeddable":true,"href":"https:\/\/abendrealschule-augsburg.de\/index.php?rest_route=\/wp\/v2\/users\/1"}],"replies":[{"embeddable":true,"href":"https:\/\/abendrealschule-augsburg.de\/index.php?rest_route=%2Fwp%2Fv2%2Fcomments&post=139"}],"version-history":[{"count":8,"href":"https:\/\/abendrealschule-augsburg.de\/index.php?rest_route=\/wp\/v2\/pages\/139\/revisions"}],"predecessor-version":[{"id":865,"href":"https:\/\/abendrealschule-augsburg.de\/index.php?rest_route=\/wp\/v2\/pages\/139\/revisions\/865"}],"wp:attachment":[{"href":"https:\/\/abendrealschule-augsburg.de\/index.php?rest_route=%2Fwp%2Fv2%2Fmedia&parent=139"}],"curies":[{"name":"wp","href":"https:\/\/api.w.org\/{rel}","templated":true}]}}